{"id":401,"date":"2026-03-04T23:22:24","date_gmt":"2026-03-04T21:22:24","guid":{"rendered":"https:\/\/buffalo.lv\/wordpress\/index.php\/kubi\/"},"modified":"2026-04-07T10:00:45","modified_gmt":"2026-04-07T07:00:45","slug":"kubi","status":"publish","type":"page","link":"https:\/\/tehnologijufestivals.lv\/index.php\/kubi\/","title":{"rendered":"KUBI"},"content":{"rendered":"\n\n\n\n","protected":false},"excerpt":{"rendered":"","protected":false},"author":3,"featured_media":0,"parent":0,"menu_order":0,"comment_status":"closed","ping_status":"closed","template":"page-kubi-template","meta":{"saved_in_kubio":true,"footnotes":""},"class_list":["post-401","page","type-page","status-publish","hentry"],"kubio_ai_page_context":{"short_desc":"","purpose":"general"},"yoast_head":"<!-- This site is optimized with the Yoast SEO plugin v27.3 - https:\/\/yoast.com\/product\/yoast-seo-wordpress\/ -->\n<title>KUBI - B\u0112RNU UN JAUNIE\u0160U Tehnolo\u0123iju Festiv\u0101ls<\/title>\n<meta name=\"robots\" content=\"index, follow, max-snippet:-1, max-image-preview:large, max-video-preview:-1\" \/>\n<link rel=\"canonical\" href=\"https:\/\/tehnologijufestivals.lv\/index.php\/kubi\/\" \/>\n<meta property=\"og:locale\" content=\"lv_LV\" \/>\n<meta property=\"og:type\" content=\"article\" \/>\n<meta property=\"og:title\" content=\"KUBI - B\u0112RNU UN JAUNIE\u0160U Tehnolo\u0123iju Festiv\u0101ls\" \/>\n<meta property=\"og:url\" content=\"https:\/\/tehnologijufestivals.lv\/index.php\/kubi\/\" \/>\n<meta property=\"og:site_name\" content=\"B\u0112RNU UN JAUNIE\u0160U Tehnolo\u0123iju Festiv\u0101ls\" \/>\n<meta property=\"article:publisher\" content=\"https:\/\/www.facebook.com\/JTVFestivals\" \/>\n<meta property=\"article:modified_time\" content=\"2026-04-07T07:00:45+00:00\" \/>\n<meta name=\"twitter:card\" content=\"summary_large_image\" \/>\n<meta name=\"twitter:label1\" content=\"Est. reading time\" \/>\n\t<meta name=\"twitter:data1\" content=\"1 min\u016bte\" \/>\n<script type=\"application\/ld+json\" class=\"yoast-schema-graph\">{\"@context\":\"https:\\\/\\\/schema.org\",\"@graph\":[{\"@type\":\"WebPage\",\"@id\":\"https:\\\/\\\/tehnologijufestivals.lv\\\/index.php\\\/kubi\\\/\",\"url\":\"https:\\\/\\\/tehnologijufestivals.lv\\\/index.php\\\/kubi\\\/\",\"name\":\"KUBI - B\u0112RNU UN JAUNIE\u0160U Tehnolo\u0123iju Festiv\u0101ls\",\"isPartOf\":{\"@id\":\"https:\\\/\\\/tehnologijufestivals.lv\\\/#website\"},\"datePublished\":\"2026-03-04T21:22:24+00:00\",\"dateModified\":\"2026-04-07T07:00:45+00:00\",\"breadcrumb\":{\"@id\":\"https:\\\/\\\/tehnologijufestivals.lv\\\/index.php\\\/kubi\\\/#breadcrumb\"},\"inLanguage\":\"lv-LV\",\"potentialAction\":[{\"@type\":\"ReadAction\",\"target\":[\"https:\\\/\\\/tehnologijufestivals.lv\\\/index.php\\\/kubi\\\/\"]}]},{\"@type\":\"BreadcrumbList\",\"@id\":\"https:\\\/\\\/tehnologijufestivals.lv\\\/index.php\\\/kubi\\\/#breadcrumb\",\"itemListElement\":[{\"@type\":\"ListItem\",\"position\":1,\"name\":\"Home\",\"item\":\"https:\\\/\\\/tehnologijufestivals.lv\\\/\"},{\"@type\":\"ListItem\",\"position\":2,\"name\":\"KUBI\"}]},{\"@type\":\"WebSite\",\"@id\":\"https:\\\/\\\/tehnologijufestivals.lv\\\/#website\",\"url\":\"https:\\\/\\\/tehnologijufestivals.lv\\\/\",\"name\":\"B\u0112RNU UN JAUNIE\u0160U Tehnolo\u0123iju Festiv\u0101ls\",\"description\":\"\",\"potentialAction\":[{\"@type\":\"SearchAction\",\"target\":{\"@type\":\"EntryPoint\",\"urlTemplate\":\"https:\\\/\\\/tehnologijufestivals.lv\\\/?s={search_term_string}\"},\"query-input\":{\"@type\":\"PropertyValueSpecification\",\"valueRequired\":true,\"valueName\":\"search_term_string\"}}],\"inLanguage\":\"lv-LV\"}]}<\/script>\n<!-- \/ Yoast SEO plugin. -->","yoast_head_json":{"title":"KUBI - B\u0112RNU UN JAUNIE\u0160U Tehnolo\u0123iju Festiv\u0101ls","robots":{"index":"index","follow":"follow","max-snippet":"max-snippet:-1","max-image-preview":"max-image-preview:large","max-video-preview":"max-video-preview:-1"},"canonical":"https:\/\/tehnologijufestivals.lv\/index.php\/kubi\/","og_locale":"lv_LV","og_type":"article","og_title":"KUBI - B\u0112RNU UN JAUNIE\u0160U Tehnolo\u0123iju Festiv\u0101ls","og_url":"https:\/\/tehnologijufestivals.lv\/index.php\/kubi\/","og_site_name":"B\u0112RNU UN JAUNIE\u0160U Tehnolo\u0123iju Festiv\u0101ls","article_publisher":"https:\/\/www.facebook.com\/JTVFestivals","article_modified_time":"2026-04-07T07:00:45+00:00","twitter_card":"summary_large_image","twitter_misc":{"Est. reading time":"1 min\u016bte"},"schema":{"@context":"https:\/\/schema.org","@graph":[{"@type":"WebPage","@id":"https:\/\/tehnologijufestivals.lv\/index.php\/kubi\/","url":"https:\/\/tehnologijufestivals.lv\/index.php\/kubi\/","name":"KUBI - B\u0112RNU UN JAUNIE\u0160U Tehnolo\u0123iju Festiv\u0101ls","isPartOf":{"@id":"https:\/\/tehnologijufestivals.lv\/#website"},"datePublished":"2026-03-04T21:22:24+00:00","dateModified":"2026-04-07T07:00:45+00:00","breadcrumb":{"@id":"https:\/\/tehnologijufestivals.lv\/index.php\/kubi\/#breadcrumb"},"inLanguage":"lv-LV","potentialAction":[{"@type":"ReadAction","target":["https:\/\/tehnologijufestivals.lv\/index.php\/kubi\/"]}]},{"@type":"BreadcrumbList","@id":"https:\/\/tehnologijufestivals.lv\/index.php\/kubi\/#breadcrumb","itemListElement":[{"@type":"ListItem","position":1,"name":"Home","item":"https:\/\/tehnologijufestivals.lv\/"},{"@type":"ListItem","position":2,"name":"KUBI"}]},{"@type":"WebSite","@id":"https:\/\/tehnologijufestivals.lv\/#website","url":"https:\/\/tehnologijufestivals.lv\/","name":"B\u0112RNU UN JAUNIE\u0160U Tehnolo\u0123iju Festiv\u0101ls","description":"","potentialAction":[{"@type":"SearchAction","target":{"@type":"EntryPoint","urlTemplate":"https:\/\/tehnologijufestivals.lv\/?s={search_term_string}"},"query-input":{"@type":"PropertyValueSpecification","valueRequired":true,"valueName":"search_term_string"}}],"inLanguage":"lv-LV"}]}},"_links":{"self":[{"href":"https:\/\/tehnologijufestivals.lv\/index.php\/wp-json\/wp\/v2\/pages\/401","targetHints":{"allow":["GET"]}}],"collection":[{"href":"https:\/\/tehnologijufestivals.lv\/index.php\/wp-json\/wp\/v2\/pages"}],"about":[{"href":"https:\/\/tehnologijufestivals.lv\/index.php\/wp-json\/wp\/v2\/types\/page"}],"author":[{"embeddable":true,"href":"https:\/\/tehnologijufestivals.lv\/index.php\/wp-json\/wp\/v2\/users\/3"}],"replies":[{"embeddable":true,"href":"https:\/\/tehnologijufestivals.lv\/index.php\/wp-json\/wp\/v2\/comments?post=401"}],"version-history":[{"count":12,"href":"https:\/\/tehnologijufestivals.lv\/index.php\/wp-json\/wp\/v2\/pages\/401\/revisions"}],"predecessor-version":[{"id":660,"href":"https:\/\/tehnologijufestivals.lv\/index.php\/wp-json\/wp\/v2\/pages\/401\/revisions\/660"}],"wp:attachment":[{"href":"https:\/\/tehnologijufestivals.lv\/index.php\/wp-json\/wp\/v2\/media?parent=401"}],"curies":[{"name":"wp","href":"https:\/\/api.w.org\/{rel}","templated":true}]}}