{"id":223,"date":"2026-02-08T18:25:40","date_gmt":"2026-02-08T16:25:40","guid":{"rendered":"https:\/\/buffalo.lv\/wordpress\/index.php\/trd-izstade\/"},"modified":"2026-04-07T10:18:49","modified_gmt":"2026-04-07T07:18:49","slug":"trd-izstade","status":"publish","type":"page","link":"https:\/\/tehnologijufestivals.lv\/index.php\/trd-izstade\/","title":{"rendered":"TRD IZST\u0100DE"},"content":{"rendered":"\n\n","protected":false},"excerpt":{"rendered":"","protected":false},"author":3,"featured_media":0,"parent":0,"menu_order":0,"comment_status":"closed","ping_status":"closed","template":"page-trd-izstade-template","meta":{"saved_in_kubio":true,"footnotes":""},"class_list":["post-223","page","type-page","status-publish","hentry"],"kubio_ai_page_context":{"short_desc":"","purpose":"general"},"yoast_head":"<!-- This site is optimized with the Yoast SEO plugin v27.3 - https:\/\/yoast.com\/product\/yoast-seo-wordpress\/ -->\n<title>TRD IZST\u0100DE - B\u0112RNU UN JAUNIE\u0160U Tehnolo\u0123iju Festiv\u0101ls<\/title>\n<meta name=\"robots\" content=\"index, follow, max-snippet:-1, max-image-preview:large, max-video-preview:-1\" \/>\n<link rel=\"canonical\" href=\"https:\/\/tehnologijufestivals.lv\/index.php\/trd-izstade\/\" \/>\n<meta property=\"og:locale\" content=\"lv_LV\" \/>\n<meta property=\"og:type\" content=\"article\" \/>\n<meta property=\"og:title\" content=\"TRD IZST\u0100DE - B\u0112RNU UN JAUNIE\u0160U Tehnolo\u0123iju Festiv\u0101ls\" \/>\n<meta property=\"og:url\" content=\"https:\/\/tehnologijufestivals.lv\/index.php\/trd-izstade\/\" \/>\n<meta property=\"og:site_name\" content=\"B\u0112RNU UN JAUNIE\u0160U Tehnolo\u0123iju Festiv\u0101ls\" \/>\n<meta property=\"article:publisher\" content=\"https:\/\/www.facebook.com\/JTVFestivals\" \/>\n<meta property=\"article:modified_time\" content=\"2026-04-07T07:18:49+00:00\" \/>\n<meta name=\"twitter:card\" content=\"summary_large_image\" \/>\n<script type=\"application\/ld+json\" class=\"yoast-schema-graph\">{\"@context\":\"https:\\\/\\\/schema.org\",\"@graph\":[{\"@type\":\"WebPage\",\"@id\":\"https:\\\/\\\/tehnologijufestivals.lv\\\/index.php\\\/trd-izstade\\\/\",\"url\":\"https:\\\/\\\/tehnologijufestivals.lv\\\/index.php\\\/trd-izstade\\\/\",\"name\":\"TRD IZST\u0100DE - B\u0112RNU UN JAUNIE\u0160U Tehnolo\u0123iju Festiv\u0101ls\",\"isPartOf\":{\"@id\":\"https:\\\/\\\/tehnologijufestivals.lv\\\/#website\"},\"datePublished\":\"2026-02-08T16:25:40+00:00\",\"dateModified\":\"2026-04-07T07:18:49+00:00\",\"breadcrumb\":{\"@id\":\"https:\\\/\\\/tehnologijufestivals.lv\\\/index.php\\\/trd-izstade\\\/#breadcrumb\"},\"inLanguage\":\"lv-LV\",\"potentialAction\":[{\"@type\":\"ReadAction\",\"target\":[\"https:\\\/\\\/tehnologijufestivals.lv\\\/index.php\\\/trd-izstade\\\/\"]}]},{\"@type\":\"BreadcrumbList\",\"@id\":\"https:\\\/\\\/tehnologijufestivals.lv\\\/index.php\\\/trd-izstade\\\/#breadcrumb\",\"itemListElement\":[{\"@type\":\"ListItem\",\"position\":1,\"name\":\"Home\",\"item\":\"https:\\\/\\\/tehnologijufestivals.lv\\\/\"},{\"@type\":\"ListItem\",\"position\":2,\"name\":\"TRD IZST\u0100DE\"}]},{\"@type\":\"WebSite\",\"@id\":\"https:\\\/\\\/tehnologijufestivals.lv\\\/#website\",\"url\":\"https:\\\/\\\/tehnologijufestivals.lv\\\/\",\"name\":\"B\u0112RNU UN JAUNIE\u0160U Tehnolo\u0123iju Festiv\u0101ls\",\"description\":\"\",\"potentialAction\":[{\"@type\":\"SearchAction\",\"target\":{\"@type\":\"EntryPoint\",\"urlTemplate\":\"https:\\\/\\\/tehnologijufestivals.lv\\\/?s={search_term_string}\"},\"query-input\":{\"@type\":\"PropertyValueSpecification\",\"valueRequired\":true,\"valueName\":\"search_term_string\"}}],\"inLanguage\":\"lv-LV\"}]}<\/script>\n<!-- \/ Yoast SEO plugin. -->","yoast_head_json":{"title":"TRD IZST\u0100DE - B\u0112RNU UN JAUNIE\u0160U Tehnolo\u0123iju Festiv\u0101ls","robots":{"index":"index","follow":"follow","max-snippet":"max-snippet:-1","max-image-preview":"max-image-preview:large","max-video-preview":"max-video-preview:-1"},"canonical":"https:\/\/tehnologijufestivals.lv\/index.php\/trd-izstade\/","og_locale":"lv_LV","og_type":"article","og_title":"TRD IZST\u0100DE - B\u0112RNU UN JAUNIE\u0160U Tehnolo\u0123iju Festiv\u0101ls","og_url":"https:\/\/tehnologijufestivals.lv\/index.php\/trd-izstade\/","og_site_name":"B\u0112RNU UN JAUNIE\u0160U Tehnolo\u0123iju Festiv\u0101ls","article_publisher":"https:\/\/www.facebook.com\/JTVFestivals","article_modified_time":"2026-04-07T07:18:49+00:00","twitter_card":"summary_large_image","schema":{"@context":"https:\/\/schema.org","@graph":[{"@type":"WebPage","@id":"https:\/\/tehnologijufestivals.lv\/index.php\/trd-izstade\/","url":"https:\/\/tehnologijufestivals.lv\/index.php\/trd-izstade\/","name":"TRD IZST\u0100DE - B\u0112RNU UN JAUNIE\u0160U Tehnolo\u0123iju Festiv\u0101ls","isPartOf":{"@id":"https:\/\/tehnologijufestivals.lv\/#website"},"datePublished":"2026-02-08T16:25:40+00:00","dateModified":"2026-04-07T07:18:49+00:00","breadcrumb":{"@id":"https:\/\/tehnologijufestivals.lv\/index.php\/trd-izstade\/#breadcrumb"},"inLanguage":"lv-LV","potentialAction":[{"@type":"ReadAction","target":["https:\/\/tehnologijufestivals.lv\/index.php\/trd-izstade\/"]}]},{"@type":"BreadcrumbList","@id":"https:\/\/tehnologijufestivals.lv\/index.php\/trd-izstade\/#breadcrumb","itemListElement":[{"@type":"ListItem","position":1,"name":"Home","item":"https:\/\/tehnologijufestivals.lv\/"},{"@type":"ListItem","position":2,"name":"TRD IZST\u0100DE"}]},{"@type":"WebSite","@id":"https:\/\/tehnologijufestivals.lv\/#website","url":"https:\/\/tehnologijufestivals.lv\/","name":"B\u0112RNU UN JAUNIE\u0160U Tehnolo\u0123iju Festiv\u0101ls","description":"","potentialAction":[{"@type":"SearchAction","target":{"@type":"EntryPoint","urlTemplate":"https:\/\/tehnologijufestivals.lv\/?s={search_term_string}"},"query-input":{"@type":"PropertyValueSpecification","valueRequired":true,"valueName":"search_term_string"}}],"inLanguage":"lv-LV"}]}},"_links":{"self":[{"href":"https:\/\/tehnologijufestivals.lv\/index.php\/wp-json\/wp\/v2\/pages\/223","targetHints":{"allow":["GET"]}}],"collection":[{"href":"https:\/\/tehnologijufestivals.lv\/index.php\/wp-json\/wp\/v2\/pages"}],"about":[{"href":"https:\/\/tehnologijufestivals.lv\/index.php\/wp-json\/wp\/v2\/types\/page"}],"author":[{"embeddable":true,"href":"https:\/\/tehnologijufestivals.lv\/index.php\/wp-json\/wp\/v2\/users\/3"}],"replies":[{"embeddable":true,"href":"https:\/\/tehnologijufestivals.lv\/index.php\/wp-json\/wp\/v2\/comments?post=223"}],"version-history":[{"count":14,"href":"https:\/\/tehnologijufestivals.lv\/index.php\/wp-json\/wp\/v2\/pages\/223\/revisions"}],"predecessor-version":[{"id":664,"href":"https:\/\/tehnologijufestivals.lv\/index.php\/wp-json\/wp\/v2\/pages\/223\/revisions\/664"}],"wp:attachment":[{"href":"https:\/\/tehnologijufestivals.lv\/index.php\/wp-json\/wp\/v2\/media?parent=223"}],"curies":[{"name":"wp","href":"https:\/\/api.w.org\/{rel}","templated":true}]}}